{"id":603,"date":"2019-05-14T10:59:37","date_gmt":"2019-05-14T10:59:37","guid":{"rendered":"https:\/\/3pc.mx\/application-landing\/"},"modified":"2022-05-25T16:13:30","modified_gmt":"2022-05-25T16:13:30","slug":"application-landing","status":"publish","type":"page","link":"https:\/\/3pc.mx\/","title":{"rendered":"Home"},"content":{"rendered":"<p>[vc_row full_width=\u00bbstretch_row\u00bb css=\u00bb.vc_custom_1652873808045{margin-bottom: 0px !important;padding-top: 0px !important;}\u00bb custom_styles_landscape=\u00bb.vc_custom_1652873808046{margin-bottom: 50px !important;}\u00bb custom_styles_mobile=\u00bb.vc_custom_1652873808048{margin-bottom: 0px !important;padding-top: 00px !important;}\u00bb][vc_column css=\u00bb.vc_custom_1653476865067{margin-top: 210px !important;margin-bottom: 380px !important;padding-top: 0px !important;}\u00bb offset=\u00bbvc_col-lg-6 vc_col-md-6&#8243;]<div class='rb_textmodule_69d01c7bf3be9 rb_textmodule subtitle_aside align_left'><div class='subtitle-wrapper'><p class='rb_textmodule_subtitle'>Somos 3PC<\/p><\/div><div class='main-text-wrapper'><h3 class='rb_textmodule_title'>AUTOMATIZA LOS PROCESOS DE TU EMPRESA<\/h3><\/div><\/div>[\/vc_column][vc_column offset=\u00bbvc_col-lg-6 vc_col-md-6&#8243; custom_styles_portrait=\u00bb.vc_custom_1653495052052{padding-bottom: 80px !important;}\u00bb custom_styles_mobile=\u00bb.vc_custom_1653495052054{margin-top: -700px !important;}\u00bb][vc_row_inner][vc_column_inner custom_styles_mobile=\u00bb.vc_custom_1653454294737{padding-top: 60px !important;padding-bottom: 40px !important;}\u00bb css=\u00bb.vc_custom_1653454294733{margin-top: 0px !important;}\u00bb]<div id='rb_service_69d01c7bf3f58' class='rb_service_module style_icon_top shape_none divider_side align_left mobile_align_center '><div class=\"service_content_wrapper\"><div class='content_wrapper'><span class=\"service_divider\"><\/span><p>Somos distribuidores y capacitadores de herramientas de software para las empresas mexicanas. Te ayudamos a implementar soluciones de informaci\u00f3n que te permitan tener mayor control en tu negocio.<\/p>\n<\/div><\/div><\/div>[\/vc_column_inner][\/vc_row_inner]<div id='rb_image_69d01c7bf3fc9' class='rb_image_module background_no_hover' ><div class=\"main_image\"><img decoding=\"async\" src=\"https:\/\/3pc.mx\/wp-content\/uploads\/2022\/05\/SERVICIOS_WEB.png\" alt=\"SERVICIOS_WEB_3pc\" \/><\/div><\/div>[\/vc_column][\/vc_row][vc_row full_width=\u00bbstretch_row\u00bb css=\u00bb.vc_custom_1652873216345{margin-bottom: -20px !important;padding-top: 75px !important;background-image: url(https:\/\/3pc.mx\/wp-content\/uploads\/2022\/05\/BACK_3PC.png?id=5795) !important;}\u00bb custom_styles_mobile=\u00bb.vc_custom_1652873216347{padding-top: 50px !important;}\u00bb][vc_column width=\u00bb1\/2&#8243; css=\u00bb.vc_custom_1652871597826{margin-top: 80px !important;margin-bottom: 120px !important;padding-top: 80px !important;}\u00bb custom_styles_mobile=\u00bb.vc_custom_1652871597829{padding-bottom: 40px !important;}\u00bb]<div class='rb_textmodule_69d01c7c001ae rb_textmodule subtitle_aside align_left'><div class='subtitle-wrapper'><p class='rb_textmodule_subtitle'>uno de los favoritos<\/p><\/div><div class='main-text-wrapper'><h3 class='rb_textmodule_title'>Software<br \/>\npara punto<br \/>\nde venta<\/h3><div class='rb_textmodule_content_wrapper'><p>Registra las ventas que realizas para tener control de lo cobrado en efectivo o tarjeta. Obt\u00e9n reportes de tus facturas electr\u00f3nicas y analiza la informaci\u00f3n de tu negocio para tomar mejores decisiones.<\/p>\n<\/div><div class='rb_button_wrapper default'><a href='https:\/\/3pc.mx\/soluciones-3pc\/' class='rb_textmodule_button rb_button medium'>Ver m\u00e1s<\/a><\/div><\/div><\/div>[\/vc_column][vc_column width=\u00bb1\/2&#8243; custom_styles_mobile=\u00bb.vc_custom_1653449796529{margin-top: -250px !important;}\u00bb]<div id='rb_image_69d01c7c00448' class='rb_image_module background_no_hover' ><div class=\"main_image\"><img decoding=\"async\" src=\"https:\/\/3pc.mx\/wp-content\/uploads\/2022\/05\/CROL.png\" alt=\"soluciones punto de venta 3pc\" \/><\/div><\/div>[\/vc_column][\/vc_row][vc_row full_width=\u00bbstretch_row\u00bb particles=\u00bb1&#8243; particles_width=\u00bb50%\u00bb particles_height=\u00bb50%\u00bb particles_top=\u00bb-10%\u00bb particles_start=\u00bbtop_center\u00bb particles_size=\u00bb50&#8243; particles_count=\u00bb1&#8243; particles_shape=\u00bbimage\u00bb particles_mode=\u00bbbounce\u00bb css=\u00bb.vc_custom_1652874349071{padding-top: 110px !important;padding-bottom: 140px !important;background-image: url(https:\/\/3pc.mx\/wp-content\/uploads\/2022\/05\/1920&#215;960-4-3pc.png?id=5870) !important;}\u00bb particles_image=\u00bb5872&#8243; custom_styles_landscape=\u00bb.vc_custom_1652874349072{padding-top: 80px !important;padding-bottom: 80px !important;}\u00bb][vc_column css=\u00bb.vc_custom_1652871816184{margin-top: 100px !important;margin-bottom: 0px !important;}\u00bb]<div class='rb_textmodule_69d01c7c007f7 rb_textmodule subtitle_default align_left mobile_align_center'><h3 class='rb_textmodule_title'>Tenemos + de 30 a\u00f1os implementando herramientas de control en empresas<\/h3><\/div><div id='rb_roadmap_69d01c7c008dc' class='rb_roadmap_module style_triangle '><div class='rb_roadmap_item'><div class='roadmap_icon_wrapper'><svg style=\"width:100px; height:100px;\" xmlns=\"http:\/\/www.w3.org\/2000\/svg\"><path d=\"M75.4,16.7L96.7,57c10,18.9-4,41.6-25.1,40.9l-45.1-1.5C5.5,95.8-7,72.2,4.2,54L28,15.1C39.1-3.1,65.5-2.2,75.4,16.7z\" \/><\/svg><i class=\"flaticon-keypad\"><\/i><span class='roadmap_divider'><\/span><span class='number title_ff'>01<\/span><\/div><div class='roadmap_content_wrapper'><p class='h3 roadmap_title'>Capacitaci\u00f3n <\/p><p class='roadmap_description'>Para que t\u00fa y tu equipo aprovechen todos los beneficios que nuestras soluciones pueden brindarles<\/p><\/div><\/div><div class='rb_roadmap_item'><div class='roadmap_icon_wrapper'><svg style=\"width:100px; height:100px;\" xmlns=\"http:\/\/www.w3.org\/2000\/svg\"><path d=\"M75.4,16.7L96.7,57c10,18.9-4,41.6-25.1,40.9l-45.1-1.5C5.5,95.8-7,72.2,4.2,54L28,15.1C39.1-3.1,65.5-2.2,75.4,16.7z\" \/><\/svg><i class=\"flaticon-cube-with-arrows\"><\/i><span class='roadmap_divider'><\/span><span class='number title_ff'>02<\/span><\/div><div class='roadmap_content_wrapper'><p class='h3 roadmap_title'>Set up<\/p><p class='roadmap_description'>Implementamos las soluciones en tu empresa. Deja en nuestras manos la puesta en funcionamiento de tu sistema<\/p><\/div><\/div><div class='rb_roadmap_item'><div class='roadmap_icon_wrapper'><svg style=\"width:100px; height:100px;\" xmlns=\"http:\/\/www.w3.org\/2000\/svg\"><path d=\"M75.4,16.7L96.7,57c10,18.9-4,41.6-25.1,40.9l-45.1-1.5C5.5,95.8-7,72.2,4.2,54L28,15.1C39.1-3.1,65.5-2.2,75.4,16.7z\" \/><\/svg><i class=\"flaticon-customer-service\"><\/i><span class='roadmap_divider'><\/span><span class='number title_ff'>03<\/span><\/div><div class='roadmap_content_wrapper'><p class='h3 roadmap_title'>Asesor\u00eda<\/p><p class='roadmap_description'>Tenemos experiencia implementando diferentes herramientas de control en distintos giros empresariales<\/p><\/div><\/div><div class='rb_roadmap_item'><div class='roadmap_icon_wrapper'><svg style=\"width:100px; height:100px;\" xmlns=\"http:\/\/www.w3.org\/2000\/svg\"><path d=\"M75.4,16.7L96.7,57c10,18.9-4,41.6-25.1,40.9l-45.1-1.5C5.5,95.8-7,72.2,4.2,54L28,15.1C39.1-3.1,65.5-2.2,75.4,16.7z\" \/><\/svg><i class=\"flaticon-phone\"><\/i><span class='roadmap_divider'><\/span><span class='number title_ff'>04<\/span><\/div><div class='roadmap_content_wrapper'><p class='h3 roadmap_title'>Soporte<\/p><p class='roadmap_description'>Cuenta con nosotros. Cuando nos necesites ah\u00ed estaremos para resolver tus dudas de operaci\u00f3n, funcionamiento y procesos<\/p><\/div><\/div><\/div>[\/vc_column][\/vc_row][vc_row full_width=\u00bbstretch_row\u00bb particles=\u00bb1&#8243; particles_width=\u00bb50%\u00bb particles_height=\u00bb60%\u00bb particles_top=\u00bb-10%\u00bb particles_size=\u00bb80&#8243; particles_count=\u00bb2&#8243; particles_shape=\u00bbimage\u00bb particles_mode=\u00bbbounce\u00bb css=\u00bb.vc_custom_1652874501139{padding-top: 70px !important;padding-bottom: 110px !important;}\u00bb particles_image=\u00bb5876&#8243; custom_styles_mobile=\u00bb.vc_custom_1652874501141{padding-top: 50px !important;padding-bottom: 50px !important;}\u00bb][vc_column css=\u00bb.vc_custom_1652872033261{margin-top: 80px !important;margin-bottom: 110px !important;padding-top: 50px !important;}\u00bb custom_styles_mobile=\u00bb.vc_custom_1652872033264{padding-bottom: 50px !important;}\u00bb offset=\u00bbvc_col-lg-6 vc_col-md-6&#8243;]<div id='rb_carousel_69d01c7c00960' class='rb_carousel_wrapper ' data-columns='1' data-slides-to-scroll='1' data-pagination='on' data-navigation='off' data-auto-height='on' data-draggable='on' data-infinite='off' data-autoplay='off' data-autoplay-speed='3000' data-pause-on-hover='off' data-vertical='off' data-vertical-swipe='off' data-tablet-landscape='1' data-tablet-portrait='1' data-mobile='1'><div class='rb_carousel rb_wrapper'><div class='rb_textmodule_69d01c7c009e6 rb_textmodule subtitle_aside align_left'><div class='subtitle-wrapper'><p class='rb_textmodule_subtitle'>nuestros partners<\/p><\/div><div class='main-text-wrapper'><h3 class='rb_textmodule_title'>Nuestras soluciones<\/h3><div class='rb_textmodule_content_wrapper'><p>Ponemos a tu disposici\u00f3n las mejores herramientas de software pensadas para las empresas mexicanas. Entre ellas tenemos Contpaqi Contabilidad, CRM SalesUP, Crol Cloud ERP, Contpaqi Escritorio Virtual.<\/p>\n<\/div><div class='rb_button_wrapper default'><a href='https:\/\/3pc.mx\/soluciones-3pc\/' class='rb_textmodule_button rb_button medium'>Ver m\u00e1s<\/a><\/div><\/div><\/div><\/div><\/div>[\/vc_column][vc_column offset=\u00bbvc_col-lg-6 vc_col-md-6&#8243; css=\u00bb.vc_custom_1653449949236{margin-top: 80px !important;}\u00bb custom_styles_mobile=\u00bb.vc_custom_1653449949240{margin-top: -180px !important;margin-bottom: 60px !important;}\u00bb]<div id='rb_image_69d01c7c00b51' class='rb_image_module background_3d'  data-max_tilt=10 data-perspective=1000 data-scale=1 data-speed=300><div class=\"main_image\"><img decoding=\"async\" src=\"https:\/\/3pc.mx\/wp-content\/uploads\/2022\/05\/SOLUCIONES_3PC-2-1.png\" alt=\"SOLUCIONES_3PC\" \/><\/div><\/div>[\/vc_column][\/vc_row][vc_row full_width=\u00bbstretch_row\u00bb css=\u00bb.vc_custom_1653479479271{margin-bottom: -101px !important;padding-top: 0px !important;padding-bottom: 0px !important;background-image: url(https:\/\/3pc.mx\/wp-content\/uploads\/2022\/05\/form-3pc.png?id=6121) !important;}\u00bb custom_styles_landscape=\u00bb.vc_custom_1653479479272{padding-top: 50px !important;padding-bottom: 50px !important;}\u00bb][vc_column css=\u00bb.vc_custom_1653479613551{margin-top: 0px !important;margin-bottom: 150px !important;}\u00bb custom_styles_mobile=\u00bb.vc_custom_1653479613554{margin-top: 30px !important;}\u00bb]<div class='rb_textmodule_69d01c7c00ed7 rb_textmodule subtitle_dashed_divider align_center'><p class='rb_textmodule_subtitle'>\u00bfNecesitas eficientar tus procesos?<span class='dashed_divider'><\/span><\/p><h3 class='rb_textmodule_title'>Ll\u00e1manos 33 14 93 05 55<\/h3><\/div>[vc_row_inner][vc_column_inner width=\u00bb1\/4&#8243;][\/vc_column_inner][vc_column_inner width=\u00bb1\/2&#8243; css=\u00bb.vc_custom_1653450066930{margin-bottom: 80px !important;}\u00bb custom_styles_mobile=\u00bb.vc_custom_1653450066934{margin-top: -40px !important;}\u00bb]<div class=\"wpforms-container wpforms-container-full\" id=\"wpforms-2000\"><form id=\"wpforms-form-2000\" class=\"wpforms-validate wpforms-form\" data-formid=\"2000\" method=\"post\" enctype=\"multipart\/form-data\" action=\"\/index.php?rest_route=%2Fwp%2Fv2%2Fpages%2F603\" data-token=\"9a0d7e412bcee7b4490c98a510732421\"><noscript class=\"wpforms-error-noscript\">Por favor, activa JavaScript en tu navegador para completar este formulario.<\/noscript><div class=\"wpforms-field-container\"><div id=\"wpforms-2000-field_0-container\" class=\"wpforms-field wpforms-field-name\" data-field-id=\"0\"><label class=\"wpforms-field-label wpforms-label-hide\" for=\"wpforms-2000-field_0\">Nombre completo <span class=\"wpforms-required-label\">*<\/span><\/label><input type=\"text\" id=\"wpforms-2000-field_0\" class=\"wpforms-field-large wpforms-field-required\" name=\"wpforms[fields][0]\" placeholder=\"Nombre Completo\" required><\/div><div id=\"wpforms-2000-field_1-container\" class=\"wpforms-field wpforms-field-email\" data-field-id=\"1\"><label class=\"wpforms-field-label wpforms-label-hide\" for=\"wpforms-2000-field_1\">Email <span class=\"wpforms-required-label\">*<\/span><\/label><input type=\"email\" id=\"wpforms-2000-field_1\" class=\"wpforms-field-large wpforms-field-required\" name=\"wpforms[fields][1]\" placeholder=\"Email\" spellcheck=\"false\" required><\/div><div id=\"wpforms-2000-field_6-container\" class=\"wpforms-field wpforms-field-number\" data-field-id=\"6\"><label class=\"wpforms-field-label wpforms-label-hide\" for=\"wpforms-2000-field_6\">Tel\u00e9fono<\/label><input type=\"number\" pattern=\"\\d*\" id=\"wpforms-2000-field_6\" class=\"wpforms-field-large\" name=\"wpforms[fields][6]\" placeholder=\"Tel\u00e9fono\" ><\/div><div id=\"wpforms-2000-field_2-container\" class=\"wpforms-field wpforms-field-textarea\" data-field-id=\"2\"><label class=\"wpforms-field-label wpforms-label-hide\" for=\"wpforms-2000-field_2\">Requerimiento <span class=\"wpforms-required-label\">*<\/span><\/label><textarea id=\"wpforms-2000-field_2\" class=\"wpforms-field-small wpforms-field-required\" name=\"wpforms[fields][2]\" placeholder=\"Requerimiento\" required><\/textarea><\/div><\/div><!-- .wpforms-field-container --><div class=\"wpforms-field wpforms-field-hp\"><label for=\"wpforms-2000-field-hp\" class=\"wpforms-field-label\">Message<\/label><input type=\"text\" name=\"wpforms[hp]\" id=\"wpforms-2000-field-hp\" class=\"wpforms-field-medium\"><\/div><div class=\"wpforms-submit-container\" ><input type=\"hidden\" name=\"wpforms[id]\" value=\"2000\"><input type=\"hidden\" name=\"wpforms[author]\" value=\"2\"><button type=\"submit\" name=\"wpforms[submit]\" id=\"wpforms-submit-2000\" class=\"wpforms-submit\" data-alt-text=\"Enviando...\" data-submit-text=\"Enviar\" aria-live=\"assertive\" value=\"wpforms-submit\">Enviar<\/button><\/div><\/form><\/div>  <!-- .wpforms-container -->[\/vc_column_inner][vc_column_inner width=\u00bb1\/4&#8243;][\/vc_column_inner][\/vc_row_inner][\/vc_column][\/vc_row]<\/p>\n","protected":false},"excerpt":{"rendered":"<p>[vc_row full_width=\u00bbstretch_row\u00bb css=\u00bb.vc_custom_1652873808045{margin-bottom: 0px !important;padding-top: 0px !important;}\u00bb custom_styles_landscape=\u00bb.vc_custom_1652873808046{margin-bottom: 50px !important;}\u00bb custom_styles_mobile=\u00bb.vc_custom_1652873808048{margin-bottom: 0px !important;padding-top: 00px !important;}\u00bb][vc_column css=\u00bb.vc_custom_1653476865067{margin-top: 210px !important;margin-bottom: 380px !important;padding-top: 0px !important;}\u00bb offset=\u00bbvc_col-lg-6 vc_col-md-6&#8243;][\/vc_column][vc_column offset=\u00bbvc_col-lg-6 vc_col-md-6&#8243; custom_styles_portrait=\u00bb.vc_custom_1653495052052{padding-bottom: 80px !important;}\u00bb custom_styles_mobile=\u00bb.vc_custom_1653495052054{margin-top: -700px !important;}\u00bb][vc_row_inner][vc_column_inner custom_styles_mobile=\u00bb.vc_custom_1653454294737{padding-top: 60px !important;padding-bottom: 40px !important;}\u00bb css=\u00bb.vc_custom_1653454294733{margin-top: 0px !important;}\u00bb][\/vc_column_inner][\/vc_row_inner][\/vc_column][\/vc_row][vc_row full_width=\u00bbstretch_row\u00bb css=\u00bb.vc_custom_1652873216345{margin-bottom: -20px !important;padding-top: 75px !important;background-image: url(https:\/\/3pc.mx\/wp-content\/uploads\/2022\/05\/BACK_3PC.png?id=5795) !important;}\u00bb custom_styles_mobile=\u00bb.vc_custom_1652873216347{padding-top: 50px !important;}\u00bb][vc_column width=\u00bb1\/2&#8243; css=\u00bb.vc_custom_1652871597826{margin-top: 80px !important;margin-bottom: [&hellip;]<\/p>\n","protected":false},"author":2,"featured_media":0,"parent":0,"menu_order":0,"comment_status":"closed","ping_status":"closed","template":"","meta":{"footnotes":""},"class_list":["post-603","page","type-page","status-publish","hentry"],"_links":{"self":[{"href":"https:\/\/3pc.mx\/index.php?rest_route=\/wp\/v2\/pages\/603","targetHints":{"allow":["GET"]}}],"collection":[{"href":"https:\/\/3pc.mx\/index.php?rest_route=\/wp\/v2\/pages"}],"about":[{"href":"https:\/\/3pc.mx\/index.php?rest_route=\/wp\/v2\/types\/page"}],"author":[{"embeddable":true,"href":"https:\/\/3pc.mx\/index.php?rest_route=\/wp\/v2\/users\/2"}],"replies":[{"embeddable":true,"href":"https:\/\/3pc.mx\/index.php?rest_route=%2Fwp%2Fv2%2Fcomments&post=603"}],"version-history":[{"count":133,"href":"https:\/\/3pc.mx\/index.php?rest_route=\/wp\/v2\/pages\/603\/revisions"}],"predecessor-version":[{"id":6129,"href":"https:\/\/3pc.mx\/index.php?rest_route=\/wp\/v2\/pages\/603\/revisions\/6129"}],"wp:attachment":[{"href":"https:\/\/3pc.mx\/index.php?rest_route=%2Fwp%2Fv2%2Fmedia&parent=603"}],"curies":[{"name":"wp","href":"https:\/\/api.w.org\/{rel}","templated":true}]}}